{"id":116,"date":"2021-02-04T09:56:05","date_gmt":"2021-02-04T08:56:05","guid":{"rendered":"https:\/\/fbbsburkina.com\/?page_id=116"},"modified":"2021-02-05T09:52:35","modified_gmt":"2021-02-05T08:52:35","slug":"organisation","status":"publish","type":"page","link":"https:\/\/fbbsburkina.com\/index.php\/organisation\/","title":{"rendered":"Organisation"},"content":{"rendered":"\n<p><strong><u>Article 12<\/u><\/strong>&nbsp;:&nbsp;&nbsp; Les instances et les organes de la FEDERATION BURKINABE DE BASEBALL ET SOFTBALL&nbsp; comprennent&nbsp;:<\/p>\n\n\n\n<ul><li>L\u2019assembl\u00e9e g\u00e9n\u00e9rale<\/li><li>Le conseil de gestion<\/li><li>Le comite ex\u00e9cutif<\/li><\/ul>\n\n\n\n<p><strong><u>Article 13<\/u><\/strong>:&nbsp;&nbsp;&nbsp;&nbsp; L\u2019Assembl\u00e9e G\u00e9n\u00e9rale est compos\u00e9e<\/p>\n\n\n\n<ul><li>Du comit\u00e9\u00a0 ex\u00e9cutif<\/li><li>Des clubs<\/li><li>Du\u00a0 district \u00a0<\/li><li>Des ligues<\/li><li> Des membres fondateurs<\/li><li>Des membres d\u2019honneurs<\/li><\/ul>\n\n\n\n<p><strong>Article 14\u00a0:<\/strong><\/p>\n\n\n\n<p>Chaque ligue est repr\u00e9sent\u00e9e par 1 d\u00e9l\u00e9gu\u00e9s d\u00fbment mandat\u00e9s qui disposent&nbsp; au total de 2 voix,plus une (01) voix suppl\u00e9mentaire pour toute ligue qui a plus de trois (03) clubs&nbsp; .&nbsp;<\/p>\n\n\n\n<p><strong>Article\u00a0 15\u00a0:<\/strong><\/p>\n\n\n\n<p>Chaque club est repr\u00e9sent\u00e9 par trois d\u00e9l\u00e8gues (03) d\u00fbment mandat\u00e9s qui disposent au total de trois (03) voix.&nbsp;<\/p>\n\n\n\n<p>Article&nbsp;: Le nombre de voix \u00e0 l\u2019Assembl\u00e9e G\u00e9n\u00e9rale se r\u00e9parti comme suit&nbsp;:<\/p>\n\n\n\n<ul><li>1 voix\/Club<\/li><li>2 voix\/District<\/li><li>3 voix\/Ligue<\/li><li>1 voix\/Membre fondateur<\/li><li>1 voix\/Membre d\u2019honneur<\/li><\/ul>\n\n\n\n<p><strong><u>Article 16<\/u><\/strong>&nbsp;:<\/p>\n\n\n\n<p>L\u2019assembl\u00e9e g\u00e9n\u00e9rale est l\u2019organe supr\u00eame de la F\u00e9d\u00e9ration Burkinab\u00e9 de Baseball et Softball. Elle comprend a les comp\u00e9tences suivantes&nbsp;:&nbsp;&nbsp;&nbsp;<\/p>\n\n\n\n<ul><li>Adopter ou modifier les statuts et les r\u00e8glements d\u2019application des statuts.<\/li><li>Approuver&nbsp;le proc\u00e8s \u2013verbal de la derni\u00e8re assembl\u00e9e&nbsp;;<\/li><li>Approuver les comptes annuels&nbsp;;<\/li><li>Approuver le rapport d\u2019activit\u00e9s du comit\u00e9 ex\u00e9cutif&nbsp;;<\/li><li>Donner quitus au comite ex\u00e9cutif apr\u00e8s avoir entendu le rapport du commissaire&nbsp;;<\/li><li>Voter le budget&nbsp;;<\/li><li>Designer les commissaires aux comptes&nbsp;;<\/li><li>Fixer le montant des cotisations&nbsp;;<\/li><li>Elire tous les quatre (4) ans le comit\u00e9 ex\u00e9cutif&nbsp;;<\/li><li>D\u00e9cerner sur proposition du comit\u00e9 ex\u00e9cutif le titre de membre d\u2019honneur&nbsp;;<\/li><li>Admettre, suspendre ou exclure un membre&nbsp;;<\/li><li>&nbsp;Approuver la d\u00e9mission d\u2019un membre&nbsp;;<\/li><li>R\u00e9voquer le mandat d\u2019un (1) ou plusieurs membres d\u2019un organe de la FBBS&nbsp;;<\/li><li>Autoriser l\u2019adh\u00e9sion ou le retrait de la FBBS d\u2019une organisation sous-r\u00e9gionale ou internationale&nbsp;;<\/li><li>Dissoudre la FBBS&nbsp;;<\/li><li>Cr\u00e9er des commissions&nbsp;sp\u00e9cialis\u00e9es&nbsp;;<\/li><li>Etc.&nbsp;&nbsp;&nbsp;&nbsp;&nbsp; &nbsp;&nbsp;&nbsp;&nbsp;&nbsp;&nbsp;&nbsp;&nbsp;&nbsp;&nbsp;&nbsp;&nbsp;&nbsp;&nbsp;&nbsp;&nbsp;&nbsp;&nbsp;<\/li><\/ul>\n\n\n\n<p><strong><u>Article 17<\/u><\/strong>&nbsp;:&nbsp;&nbsp; L\u2019Assembl\u00e9e G\u00e9n\u00e9rale se r\u00e9unit en session ordinaire une fois par an. Elle peut toutefois se r\u00e9unir en session extraordinaire sur convocation du Comit\u00e9 Ex\u00e9cutif ou sur la demande des deux tiers (2\/3) au moins de ses membres.<\/p>\n\n\n\n<p><strong><u>Article 18<\/u><\/strong>&nbsp;:&nbsp;&nbsp; Les d\u00e9cisions en Assembl\u00e9e G\u00e9n\u00e9rale se prennent \u00e0 la majorit\u00e9 absolue des voix des membres pr\u00e9sents. En cas d\u2019\u00e9galit\u00e9, celle du Pr\u00e9sident d\u2019honneur est pr\u00e9pond\u00e9rante.<\/p>\n\n\n\n<p><strong><u>Article 19<\/u><\/strong>&nbsp;:&nbsp;&nbsp; L\u2019Assembl\u00e9e G\u00e9n\u00e9rale ne peut d\u00e9lib\u00e9rer que si la majorit\u00e9 absolue des<\/p>\n\n\n\n<p>membres composant l\u2019assembl\u00e9e de la f\u00e9d\u00e9ration &nbsp;est pr\u00e9sente.<\/p>\n\n\n\n<p><strong><u>Article 20<\/u><\/strong>&nbsp;:&nbsp;&nbsp; En cas d\u2019insuffisance du quorum, l\u2019Assembl\u00e9e G\u00e9n\u00e9rale est report\u00e9e \u00e0 une autre date et convoqu\u00e9e avec le m\u00eame ordre du jour. L\u2019Assembl\u00e9e G\u00e9n\u00e9rale si\u00e8ge et d\u00e9lib\u00e8re valablement \u00e0 cette deuxi\u00e8me convocation quel qu\u2019en soit le quorum.<\/p>\n\n\n\n<p><strong><u>Article 21<\/u><\/strong>&nbsp;:&nbsp;&nbsp;<\/p>\n\n\n\n<p>Le conseil de gestion se compose&nbsp;:<\/p>\n\n\n\n<ul><li>Du comit\u00e9 ex\u00e9cutif\u00a0;<\/li><li>De un (1) repr\u00e9sentant\/Clubs affili\u00e9<\/li><li>De un (1) repr\u00e9sentant\/District<\/li><li>De un (1) repr\u00e9sentant\/Ligue<\/li><li>Des membres fondateurs<\/li><li>Des membres d\u2019honneurs\u00a0<\/li><\/ul>\n\n\n\n<p><strong><u>Article 22<\/u><\/strong><\/p>\n\n\n\n<p>Le conseil de gestion se r\u00e9unit une fois par an et se tient \u00e0 la fin de la saison sportive. entre deux (2) assembl\u00e9es g\u00e9n\u00e9rales et est habilit\u00e9 a<\/p>\n\n\n\n<p>Prendre toutes les d\u00e9cisions n\u00e9cessaires au bon fonctionnement de la f\u00e9d\u00e9ration<\/p>\n\n\n\n<p>Burkinab\u00e9 de Baseball et softball conform\u00e9ment aux orientations, directives et<\/p>\n\n\n\n<p>R\u00e9solution de l\u2019assembl\u00e9e g\u00e9n\u00e9rale .Le conseil de gestion comit\u00e9 ex\u00e9cutif est sans voix d\u00e9lib\u00e9rative<\/p>\n\n\n\n<p>Pour tous votes ou sa responsabilit\u00e9 est engag\u00e9e .La pr\u00e9sidence des r\u00e9unions du<\/p>\n\n\n\n<p>Conseil de gestion est assur\u00e9 par le pr\u00e9sident de FBBS.<\/p>\n\n\n\n<p><strong>Chapitre III\u00a0: DU COMITE EXECUTIF<\/strong><\/p>\n\n\n\n<p>Le Comit\u00e9 Ex\u00e9cutif\u00a0 est \u00e9lu pour une dur\u00e9e quatre (04) ans .En cas de d\u00e9mission<\/p>\n\n\n\n<p>un nouveau&nbsp; Comit\u00e9 Ex\u00e9cutif est \u00e9lu pour le reste du mandat en cours.<\/p>\n\n\n\n<p>Le Comit\u00e9 ex\u00e9cutif se compose comme suit&nbsp;:<\/p>\n\n\n\n<ul><li>1 Pr\u00e9sident\u00a0;<\/li><li>2 Vices -pr\u00e9sidents\u00a0;<\/li><li>1 secr\u00e9taire G\u00e9n\u00e9ral<\/li><li>1 secr\u00e9taire` G\u00e9n\u00e9ral adjoint<\/li><li>1 Tr\u00e9sorier G\u00e9n\u00e9ral<\/li><li>1 tr\u00e9sorier\u00a0 G\u00e9n\u00e9ral adjoint<\/li><li>\u00a01 secr\u00e9taire \u00e0 l\u2019organisation<\/li><li>1 secr\u00e9taire adjoint \u00e0 l\u2019organisation<\/li><li>1 secr\u00e9taire G\u00e9n\u00e9ral aux relations ext\u00e9rieures et \u00e0 la communication<\/li><li>1 secr\u00e9taire G\u00e9n\u00e9ral adjoint aux relations ext\u00e9rieures et \u00e0 la communication<\/li><li>Des\u00a0 conseillers techniques et juridiques\u00a0 nomm\u00e9s par le pr\u00e9sident de la FBBS.<\/li><\/ul>\n\n\n\n<p>.<\/p>\n\n\n\n<p><strong><u>Article 23<\/u><\/strong>&nbsp;:&nbsp;&nbsp; Le Conseiller Technique et Juridique participent aux r\u00e9unions du Comit\u00e9 ex\u00e9cutif&nbsp; \u00e0 titre consultatif<\/p>\n\n\n\n<p><strong><u>Article 24<\/u><\/strong>&nbsp;:&nbsp;&nbsp; De fa\u00e7on g\u00e9n\u00e9rale, le Comit\u00e9&nbsp; Ex\u00e9cutif a les pouvoirs les plus \u00e9tendus pour agir au nom de la f\u00e9d\u00e9ration.<br><br>Il oriente la politique g\u00e9n\u00e9rale de la f\u00e9d\u00e9ration et s\u2019assure que les activit\u00e9s de la f\u00e9d\u00e9ration sont conformes \u00e0 son objet dans le respect des r\u00e9solutions vot\u00e9es par l\u2019Assembl\u00e9e G\u00e9n\u00e9rale.<br><br>Le Comit\u00e9 Ex\u00e9cutif&nbsp; anime la vie de la f\u00e9d\u00e9ration.<br><br>Il se r\u00e9unit une fois par trimestre mois. Il peut se r\u00e9unir en cas de besoin et toutes les fois que l\u2019int\u00e9r\u00eat de l\u2019association l\u2019exige, sur convocation du Pr\u00e9sident.<\/p>\n\n\n\n<p>De fa\u00e7on plus sp\u00e9cifique, le Comit\u00e9 Ex\u00e9cutif a les responsabilit\u00e9s suivantes&nbsp;:<\/p>\n\n\n\n<p>&#8211;&nbsp;&nbsp; Diriger la FBBS&nbsp;;<\/p>\n\n\n\n<p>Le Comit\u00e9 Ex\u00e9cutif exerce au surplus les comp\u00e9tences qui ne sont pas express\u00e9ment attribu\u00e9es \u00e0 un organe. Il peut sous sa responsabilit\u00e9 d\u00e9l\u00e9guer des t\u00e2ches qui rel\u00e8vent de sa comp\u00e9tence et avoir recours \u00e0 des conseillers ou attribuer des mandats \u00e0 des tiers.<\/p>\n\n\n\n<p><strong><u>Article 25<\/u><\/strong>&nbsp;:&nbsp;&nbsp; Le Comit\u00e9 Ex\u00e9cutif est autoris\u00e9 \u00e0 cr\u00e9er des Commissions sp\u00e9cialis\u00e9es en cas de besoin.<\/p>\n\n\n\n<p><strong><u>Article 26<\/u><\/strong>&nbsp;:&nbsp;&nbsp; Le Bureau Ex\u00e9cutif peut inviter des personnes ressources \u00e0 si\u00e9ger \u00e0 la r\u00e9union du Bureau avec voix consultative. Le r\u00f4le d\u2019une personne ressource est d\u2019apporter des \u00e9claircissements, des conseils ou des recommandations au Comit\u00e9 ex\u00e9cutif.<\/p>\n\n\n\n<p><strong><u>Article 27<\/u><\/strong>&nbsp;:&nbsp;&nbsp; Les d\u00e9lib\u00e9rations du Comit\u00e9 Ex\u00e9cutif sont constat\u00e9es par des proc\u00e8s-verbaux inscrits sur un registre sp\u00e9cial, sign\u00e9s par le pr\u00e9sident de s\u00e9ance et par le secr\u00e9taire.<\/p>\n\n\n\n<p>Les copies ou extraits de ces proc\u00e8s-verbaux sont certifi\u00e9s conformes par le pr\u00e9sident.<\/p>\n\n\n\n<p>La justification du nombre et de la qualit\u00e9 des administrateurs pr\u00e9sents r\u00e9sulte, \u00e0 l\u2019\u00e9gard des tiers, des \u00e9nonciations du proc\u00e8s-verbal.<\/p>\n\n\n\n<p><strong><u>Article 28<\/u><\/strong>&nbsp;:&nbsp;&nbsp; Pour etre Pr\u00e9sident de la FBBS, il faut avoir \u00e9t\u00e9 pr\u00e9sident d\u2019un ou d\u2019une association pendant au moins deux (2) ans. Il ne peut etre \u00e9lu successivement pendant deux (2) mandats. Comit\u00e9 Ex\u00e9cutif est \u00e9lu pour un mandat de quatre ans renouvelable.<br><br><br><\/p>\n\n\n\n<p><strong><u>Article 29:<\/u><\/strong><strong>&nbsp;&nbsp;&nbsp; <\/strong>Les fonctions des membres du Bureau sont gratuites.<\/p>\n\n\n\n<p>Toutefois, lorsqu&rsquo;ils sont engag\u00e9s avec l&rsquo;accord du Comit\u00e9 Ex\u00e9cutif, les frais de d\u00e9placement et de repr\u00e9sentation des membres du Comit\u00e9 Ex\u00e9cutif sont support\u00e9s contre justificatifs.<\/p>\n","protected":false},"excerpt":{"rendered":"<p>Article 12&nbsp;:&nbsp;&nbsp; Les instances et les organes de la FEDERATION BURKINABE DE BASEBALL ET SOFTBALL&nbsp; comprennent&nbsp;: L\u2019assembl\u00e9e g\u00e9n\u00e9rale Le conseil de gestion Le comite ex\u00e9cutif Article 13:&nbsp;&nbsp;&nbsp;&nbsp; L\u2019Assembl\u00e9e G\u00e9n\u00e9rale est compos\u00e9e Du comit\u00e9\u00a0 ex\u00e9cutif Des clubs Du\u00a0 district \u00a0 Des ligues Des membres fondateurs Des membres d\u2019honneurs Article 14\u00a0: Chaque ligue est repr\u00e9sent\u00e9e par 1 [&hellip;]<\/p>\n","protected":false},"author":1,"featured_media":0,"parent":0,"menu_order":0,"comment_status":"closed","ping_status":"closed","template":"","meta":{"footnotes":""},"jetpack_sharing_enabled":true,"_links":{"self":[{"href":"https:\/\/fbbsburkina.com\/index.php\/wp-json\/wp\/v2\/pages\/116"}],"collection":[{"href":"https:\/\/fbbsburkina.com\/index.php\/wp-json\/wp\/v2\/pages"}],"about":[{"href":"https:\/\/fbbsburkina.com\/index.php\/wp-json\/wp\/v2\/types\/page"}],"author":[{"embeddable":true,"href":"https:\/\/fbbsburkina.com\/index.php\/wp-json\/wp\/v2\/users\/1"}],"replies":[{"embeddable":true,"href":"https:\/\/fbbsburkina.com\/index.php\/wp-json\/wp\/v2\/comments?post=116"}],"version-history":[{"count":3,"href":"https:\/\/fbbsburkina.com\/index.php\/wp-json\/wp\/v2\/pages\/116\/revisions"}],"predecessor-version":[{"id":268,"href":"https:\/\/fbbsburkina.com\/index.php\/wp-json\/wp\/v2\/pages\/116\/revisions\/268"}],"wp:attachment":[{"href":"https:\/\/fbbsburkina.com\/index.php\/wp-json\/wp\/v2\/media?parent=116"}],"curies":[{"name":"wp","href":"https:\/\/api.w.org\/{rel}","templated":true}]}}