{"id":263,"date":"2021-02-05T09:40:51","date_gmt":"2021-02-05T08:40:51","guid":{"rendered":"https:\/\/fbbsburkina.com\/?page_id=263"},"modified":"2021-02-05T09:47:12","modified_gmt":"2021-02-05T08:47:12","slug":"la-federation","status":"publish","type":"page","link":"https:\/\/fbbsburkina.com\/index.php\/la-federation\/","title":{"rendered":"LA FEDERATION"},"content":{"rendered":"\n<p>L\u2019id\u00e9e de cr\u00e9ation de cette f\u00e9d\u00e9ration &nbsp;d\u00e9nomm\u00e9e &nbsp;&nbsp;&nbsp;&nbsp;&nbsp;&nbsp; FEDERATION BURKINABE DE BASEBALL ET SOFTBALL est n\u00e9e du constat effectu\u00e9 par les membres \u00e0 travers les exp\u00e9riences v\u00e9cues dans leur milieu respectif sur la question du d\u00e9veloppement &nbsp;&nbsp;du BASEBALL et SOFTBALL.<\/p>\n\n\n\n<p>Ces constats peuvent \u00eatre synth\u00e9tis\u00e9s comme suit:<\/p>\n\n\n\n<ul><li>LA FEDERATION BURKINABE DE BASEBALL et SOFTBALL, c\u2019est le Baseball et Softball pratiqu\u00e9s \u00e0 la base d\u00e8s l\u2019age de 5 ans;<\/li><li>Promotion et vulgarisation de ce sport tant m\u00e9connu de la jeunesse burkinab\u00e9, avec la cr\u00e9ation de plusieurs clubs dans toutes les provinces du Burkina Faso;<\/li><li>L\u2019\u00e9panouissement de la jeunesse \u00e0 travers les diff\u00e9rentes rencontres de l\u2019Inter Ligue (inter clubs);<\/li><li>Participation aux comp\u00e9titions internationales.<\/li><\/ul>\n\n\n\n<p>Consid\u00e9rant l\u2019insuffisance des actions multiples et multiformes engag\u00e9es pour l\u2019\u00e9panouissement de la jeunesse, nous, membres fondateurs avons d\u00e9cid\u00e9 par le pr\u00e9sent acte de cr\u00e9er une organisation sportive afin d\u2019assurer \u00e0 la jeunesse Burkinab\u00e9 une place de choix qui lui revient dans le processus du d\u00e9veloppement sportif, culturel et social.<\/p>\n\n\n\n<p><\/p>\n\n\n\n<p>La FBBS a pour but de&nbsp;:<\/p>\n\n\n\n<ul><li>Mobiliser les ressources n\u00e9cessaires en vue de promouvoir le d\u00e9veloppement \u00e0 la base du BASEBALL et SOFTBALL.<\/li><li>d\u00e9velopper, promouvoir, contr\u00f4ler et r\u00e9gler le baseball et softball sous toute sa forme, notamment son enseignement et sa pratique, sur l\u2019ensemble du territoire du Burkina Faso.<\/li><li>Organiser des comp\u00e9titions de baseball et softball sous toutes ses formes au niveau national, en d\u00e9finissant au besoin de fa\u00e7on pr\u00e9cise les comp\u00e9tences conc\u00e9d\u00e9es aux diff\u00e9rentes ligues et districts qui la composent.<\/li><li>Encourager la pratique du baseball et&nbsp;&nbsp; softball \u00e0&nbsp; l\u2019\u00e9chelle nationale, dans un esprit de fair-play.<\/li><li>Contr\u00f4ler et superviser toute les rencontres amicales de baseball et softball sous toutes ses formes qui se disputent sur l\u2019ensemble du territoire du Burkina Faso&nbsp;;<\/li><li>G\u00e9rer les relations internationales en mati\u00e8re de baseball et softball.<\/li><li>Sauvegarder les int\u00e9r\u00eats communs de ses membres,<\/li><li>Etc.<\/li><\/ul>\n","protected":false},"excerpt":{"rendered":"<p>L\u2019id\u00e9e de cr\u00e9ation de cette f\u00e9d\u00e9ration &nbsp;d\u00e9nomm\u00e9e &nbsp;&nbsp;&nbsp;&nbsp;&nbsp;&nbsp; FEDERATION BURKINABE DE BASEBALL ET SOFTBALL est n\u00e9e du constat effectu\u00e9 par les membres \u00e0 travers les exp\u00e9riences v\u00e9cues dans leur milieu respectif sur la question du d\u00e9veloppement &nbsp;&nbsp;du BASEBALL et SOFTBALL. Ces constats peuvent \u00eatre synth\u00e9tis\u00e9s comme suit: LA FEDERATION BURKINABE DE BASEBALL et SOFTBALL, c\u2019est [&hellip;]<\/p>\n","protected":false},"author":1,"featured_media":0,"parent":0,"menu_order":0,"comment_status":"closed","ping_status":"closed","template":"","meta":{"footnotes":""},"jetpack_sharing_enabled":true,"_links":{"self":[{"href":"https:\/\/fbbsburkina.com\/index.php\/wp-json\/wp\/v2\/pages\/263"}],"collection":[{"href":"https:\/\/fbbsburkina.com\/index.php\/wp-json\/wp\/v2\/pages"}],"about":[{"href":"https:\/\/fbbsburkina.com\/index.php\/wp-json\/wp\/v2\/types\/page"}],"author":[{"embeddable":true,"href":"https:\/\/fbbsburkina.com\/index.php\/wp-json\/wp\/v2\/users\/1"}],"replies":[{"embeddable":true,"href":"https:\/\/fbbsburkina.com\/index.php\/wp-json\/wp\/v2\/comments?post=263"}],"version-history":[{"count":2,"href":"https:\/\/fbbsburkina.com\/index.php\/wp-json\/wp\/v2\/pages\/263\/revisions"}],"predecessor-version":[{"id":265,"href":"https:\/\/fbbsburkina.com\/index.php\/wp-json\/wp\/v2\/pages\/263\/revisions\/265"}],"wp:attachment":[{"href":"https:\/\/fbbsburkina.com\/index.php\/wp-json\/wp\/v2\/media?parent=263"}],"curies":[{"name":"wp","href":"https:\/\/api.w.org\/{rel}","templated":true}]}}